{"id":50439,"date":"2021-05-19T13:48:37","date_gmt":"2021-05-19T13:48:37","guid":{"rendered":"http:\/\/studiocourtois.com\/?page_id=50439"},"modified":"2025-07-13T19:39:43","modified_gmt":"2025-07-13T19:39:43","slug":"picky-courtois","status":"publish","type":"page","link":"https:\/\/studiocourtois.com\/fr\/picky-courtois\/","title":{"rendered":"Picky Courtois"},"content":{"rendered":"<div class=\"fusion-fullwidth fullwidth-box fusion-builder-row-1 fusion-flex-container nonhundred-percent-fullwidth non-hundred-percent-height-scrolling\" style=\"--awb-border-radius-top-left:0px;--awb-border-radius-top-right:0px;--awb-border-radius-bottom-right:0px;--awb-border-radius-bottom-left:0px;--awb-padding-top:5%;--awb-flex-wrap:wrap;\" ><div class=\"fusion-builder-row fusion-row fusion-flex-align-items-flex-start fusion-flex-content-wrap\" style=\"max-width:1144px;margin-left: calc(-4% \/ 2 );margin-right: calc(-4% \/ 2 );\"><div class=\"fusion-layout-column fusion_builder_column fusion-builder-column-0 fusion_builder_column_2_5 2_5 fusion-flex-column\" style=\"--awb-bg-size:cover;--awb-width-large:40%;--awb-margin-top-large:0px;--awb-spacing-right-large:4.8%;--awb-margin-bottom-large:20px;--awb-spacing-left-large:2.4%;--awb-width-medium:40%;--awb-order-medium:0;--awb-spacing-right-medium:4.8%;--awb-spacing-left-medium:2.4%;--awb-width-small:100%;--awb-order-small:0;--awb-spacing-right-small:1.92%;--awb-spacing-left-small:1.92%;\"><div class=\"fusion-column-wrapper fusion-column-has-shadow fusion-flex-justify-content-flex-start fusion-content-layout-column\"><div class=\"fusion-image-element\" style=\"--awb-caption-title-font-family:var(--h2_typography-font-family);--awb-caption-title-font-weight:var(--h2_typography-font-weight);--awb-caption-title-font-style:var(--h2_typography-font-style);--awb-caption-title-size:var(--h2_typography-font-size);--awb-caption-title-transform:var(--h2_typography-text-transform);--awb-caption-title-line-height:var(--h2_typography-line-height);--awb-caption-title-letter-spacing:var(--h2_typography-letter-spacing);\"><span class=\"fusion-imageframe imageframe-none imageframe-1 hover-type-none\"><img decoding=\"async\" width=\"1350\" height=\"900\" title=\"PICKY\" src=\"https:\/\/studiocourtois.com\/wp-content\/uploads\/2023\/11\/PICKY.jpg\" alt class=\"img-responsive wp-image-51234\" srcset=\"https:\/\/studiocourtois.com\/wp-content\/uploads\/2023\/11\/PICKY-200x133.jpg 200w, https:\/\/studiocourtois.com\/wp-content\/uploads\/2023\/11\/PICKY-400x267.jpg 400w, https:\/\/studiocourtois.com\/wp-content\/uploads\/2023\/11\/PICKY-600x400.jpg 600w, https:\/\/studiocourtois.com\/wp-content\/uploads\/2023\/11\/PICKY-800x533.jpg 800w, https:\/\/studiocourtois.com\/wp-content\/uploads\/2023\/11\/PICKY-1200x800.jpg 1200w, https:\/\/studiocourtois.com\/wp-content\/uploads\/2023\/11\/PICKY.jpg 1350w\" sizes=\"(max-width: 640px) 100vw, 600px\" \/><\/span><\/div><\/div><\/div><div class=\"fusion-layout-column fusion_builder_column fusion-builder-column-1 fusion_builder_column_3_5 3_5 fusion-flex-column\" style=\"--awb-bg-blend:overlay;--awb-bg-size:cover;--awb-width-large:60%;--awb-margin-top-large:0px;--awb-spacing-right-large:4.8%;--awb-margin-bottom-large:0px;--awb-spacing-left-large:3.2%;--awb-width-medium:60%;--awb-spacing-right-medium:4.8%;--awb-spacing-left-medium:3.2%;--awb-width-small:100%;--awb-spacing-right-small:1.92%;--awb-spacing-left-small:1.92%;\"><div class=\"fusion-column-wrapper fusion-flex-justify-content-flex-start fusion-content-layout-column\"><div class=\"fusion-text fusion-text-1\"><p style=\"text-align: left;\"><span style=\"font-size: 24px;\">Picky Courtois<\/span><\/p>\n<\/div><div class=\"fusion-separator fusion-full-width-sep\" style=\"align-self: center;margin-left: auto;margin-right: auto;margin-top:2%;width:100%;\"><\/div><div class=\"fusion-text fusion-text-2\"><p data-start=\"152\" data-end=\"482\">Picky Courtois lleva m\u00e1s de dos d\u00e9cadas acompa\u00f1ando a talentos en la creaci\u00f3n de proyectos que los conectan con nuevos p\u00fablicos y escenarios. Al frente de Studio Courtois \u2014con base en Buenos Aires y Par\u00eds\u2014 desarrolla ideas junto a referentes de la gastronom\u00eda, la cocteler\u00eda y el vino, ampliando trayectorias y modos de comunicar.<br data-start=\"15016\" data-end=\"15019\" \/>Formado como periodista y productor de televisi\u00f3n, inici\u00f3 su carrera en medios en Buenos Aires. En 2000, conocer a Magdalena Diehl marc\u00f3 su entrada al mundo de la moda. Fund\u00f3 Civiles, una agencia que transform\u00f3 la representaci\u00f3n de modelos en Am\u00e9rica del Sur. Fue booker en Par\u00eds y Mil\u00e1n, y scouter para Dior, posicionando al hombre argentino como referente global.<br data-start=\"15384\" data-end=\"15387\" \/>En paralelo, consolid\u00f3 una red de productoras para contenidos publicitarios y gestion\u00f3 artistas de m\u00fasica, actuaci\u00f3n y lifestyle.<br data-start=\"15516\" data-end=\"15519\" \/>En 2015 comenz\u00f3 a trabajar con Narda Lepes como su manager, lo que marc\u00f3 su entrada al mundo de la gastronom\u00eda. Desde entonces, co-crea proyectos con chefs, sommeliers y productores, con foco en lo colaborativo.<br data-start=\"15730\" data-end=\"15733\" \/>Hoy impulsa la proyecci\u00f3n internacional de Argentina a trav\u00e9s de cocineros, vinos y saberes culinarios. Lidera junto a Paz Levinson la plataforma Argentina Reloaded y dise\u00f1a iniciativas que conectan cocineros locales con chefs Michelin argentinos en el exterior.<br data-start=\"15995\" data-end=\"15998\" \/>Colabora estrechamente con Paz Levinson, Narda Lepes, Carito Louren\u00e7o, Germ\u00e1n Carrizo, Agust\u00edn Balbi, Florencia Montes, Lorenzo Ragni, Tato Giovannoni y otros referentes que comparten su visi\u00f3n: proyectar la identidad argentina desde el hacer y la excelencia.<\/p>\n<\/div><\/div><\/div><\/div><\/div>","protected":false},"excerpt":{"rendered":"","protected":false},"author":2,"featured_media":0,"parent":0,"menu_order":0,"comment_status":"closed","ping_status":"closed","template":"","meta":{"footnotes":""},"class_list":["post-50439","page","type-page","status-publish","hentry"],"yoast_head":"<!-- This site is optimized with the Yoast SEO plugin v26.9 - https:\/\/yoast.com\/product\/yoast-seo-wordpress\/ -->\n<title>Picky Courtois - STUDIO COURTOIS<\/title>\n<meta name=\"description\" content=\"STUDIO COURTOISS Estudio con base en Paris y Buenos Aires, con un enfoque integral en creaci\u00f3n, consultor\u00eda y experiencias de marca. Aportamos creatividad, know how y sensibilidad para generar valor, elevar la escena comercial y mejorar la cultura de consumo. Esencialmente, unimos talento.\" \/>\n<meta name=\"robots\" content=\"index, follow, max-snippet:-1, max-image-preview:large, max-video-preview:-1\" \/>\n<link rel=\"canonical\" href=\"https:\/\/studiocourtois.com\/fr\/picky-courtois\/\" \/>\n<meta property=\"og:locale\" content=\"fr_FR\" \/>\n<meta property=\"og:type\" content=\"article\" \/>\n<meta property=\"og:title\" content=\"Picky Courtois - STUDIO COURTOIS\" \/>\n<meta property=\"og:description\" content=\"STUDIO COURTOISS Estudio con base en Paris y Buenos Aires, con un enfoque integral en creaci\u00f3n, consultor\u00eda y experiencias de marca. Aportamos creatividad, know how y sensibilidad para generar valor, elevar la escena comercial y mejorar la cultura de consumo. Esencialmente, unimos talento.\" \/>\n<meta property=\"og:url\" content=\"https:\/\/studiocourtois.com\/fr\/picky-courtois\/\" \/>\n<meta property=\"og:site_name\" content=\"STUDIO COURTOIS\" \/>\n<meta property=\"article:modified_time\" content=\"2025-07-13T19:39:43+00:00\" \/>\n<meta name=\"twitter:card\" content=\"summary_large_image\" \/>\n<meta name=\"twitter:label1\" content=\"Est. reading time\" \/>\n\t<meta name=\"twitter:data1\" content=\"2 minutes\" \/>\n<script type=\"application\/ld+json\" class=\"yoast-schema-graph\">{\"@context\":\"https:\/\/schema.org\",\"@graph\":[{\"@type\":\"WebPage\",\"@id\":\"https:\/\/studiocourtois.com\/picky-courtois\/\",\"url\":\"https:\/\/studiocourtois.com\/picky-courtois\/\",\"name\":\"Picky Courtois - STUDIO COURTOIS\",\"isPartOf\":{\"@id\":\"https:\/\/studiocourtois.com\/#website\"},\"datePublished\":\"2021-05-19T13:48:37+00:00\",\"dateModified\":\"2025-07-13T19:39:43+00:00\",\"description\":\"STUDIO COURTOISS Estudio con base en Paris y Buenos Aires, con un enfoque integral en creaci\u00f3n, consultor\u00eda y experiencias de marca. Aportamos creatividad, know how y sensibilidad para generar valor, elevar la escena comercial y mejorar la cultura de consumo. Esencialmente, unimos talento.\",\"breadcrumb\":{\"@id\":\"https:\/\/studiocourtois.com\/picky-courtois\/#breadcrumb\"},\"inLanguage\":\"fr-FR\",\"potentialAction\":[{\"@type\":\"ReadAction\",\"target\":[\"https:\/\/studiocourtois.com\/picky-courtois\/\"]}]},{\"@type\":\"BreadcrumbList\",\"@id\":\"https:\/\/studiocourtois.com\/picky-courtois\/#breadcrumb\",\"itemListElement\":[{\"@type\":\"ListItem\",\"position\":1,\"name\":\"Portada\",\"item\":\"https:\/\/studiocourtois.com\/\"},{\"@type\":\"ListItem\",\"position\":2,\"name\":\"Picky Courtois\"}]},{\"@type\":\"WebSite\",\"@id\":\"https:\/\/studiocourtois.com\/#website\",\"url\":\"https:\/\/studiocourtois.com\/\",\"name\":\"STUDIO COURTOIS\",\"description\":\"\",\"publisher\":{\"@id\":\"https:\/\/studiocourtois.com\/#organization\"},\"potentialAction\":[{\"@type\":\"SearchAction\",\"target\":{\"@type\":\"EntryPoint\",\"urlTemplate\":\"https:\/\/studiocourtois.com\/?s={search_term_string}\"},\"query-input\":{\"@type\":\"PropertyValueSpecification\",\"valueRequired\":true,\"valueName\":\"search_term_string\"}}],\"inLanguage\":\"fr-FR\"},{\"@type\":\"Organization\",\"@id\":\"https:\/\/studiocourtois.com\/#organization\",\"name\":\"Studio Courtois\",\"url\":\"https:\/\/studiocourtois.com\/\",\"logo\":{\"@type\":\"ImageObject\",\"inLanguage\":\"fr-FR\",\"@id\":\"https:\/\/studiocourtois.com\/#\/schema\/logo\/image\/\",\"url\":\"http:\/\/studiocourtois.com\/wp-content\/uploads\/2020\/10\/HOME-2-scaled.jpg\",\"contentUrl\":\"http:\/\/studiocourtois.com\/wp-content\/uploads\/2020\/10\/HOME-2-scaled.jpg\",\"width\":2560,\"height\":1707,\"caption\":\"Studio Courtois\"},\"image\":{\"@id\":\"https:\/\/studiocourtois.com\/#\/schema\/logo\/image\/\"},\"sameAs\":[\"https:\/\/www.instagram.com\/studiocourtois\/\"]}]}<\/script>\n<!-- \/ Yoast SEO plugin. -->","yoast_head_json":{"title":"Picky Courtois - STUDIO COURTOIS","description":"STUDIO COURTOISS Estudio con base en Paris y Buenos Aires, con un enfoque integral en creaci\u00f3n, consultor\u00eda y experiencias de marca. Aportamos creatividad, know how y sensibilidad para generar valor, elevar la escena comercial y mejorar la cultura de consumo. Esencialmente, unimos talento.","robots":{"index":"index","follow":"follow","max-snippet":"max-snippet:-1","max-image-preview":"max-image-preview:large","max-video-preview":"max-video-preview:-1"},"canonical":"https:\/\/studiocourtois.com\/fr\/picky-courtois\/","og_locale":"fr_FR","og_type":"article","og_title":"Picky Courtois - STUDIO COURTOIS","og_description":"STUDIO COURTOISS Estudio con base en Paris y Buenos Aires, con un enfoque integral en creaci\u00f3n, consultor\u00eda y experiencias de marca. Aportamos creatividad, know how y sensibilidad para generar valor, elevar la escena comercial y mejorar la cultura de consumo. Esencialmente, unimos talento.","og_url":"https:\/\/studiocourtois.com\/fr\/picky-courtois\/","og_site_name":"STUDIO COURTOIS","article_modified_time":"2025-07-13T19:39:43+00:00","twitter_card":"summary_large_image","twitter_misc":{"Est. reading time":"2 minutes"},"schema":{"@context":"https:\/\/schema.org","@graph":[{"@type":"WebPage","@id":"https:\/\/studiocourtois.com\/picky-courtois\/","url":"https:\/\/studiocourtois.com\/picky-courtois\/","name":"Picky Courtois - STUDIO COURTOIS","isPartOf":{"@id":"https:\/\/studiocourtois.com\/#website"},"datePublished":"2021-05-19T13:48:37+00:00","dateModified":"2025-07-13T19:39:43+00:00","description":"STUDIO COURTOISS Estudio con base en Paris y Buenos Aires, con un enfoque integral en creaci\u00f3n, consultor\u00eda y experiencias de marca. Aportamos creatividad, know how y sensibilidad para generar valor, elevar la escena comercial y mejorar la cultura de consumo. Esencialmente, unimos talento.","breadcrumb":{"@id":"https:\/\/studiocourtois.com\/picky-courtois\/#breadcrumb"},"inLanguage":"fr-FR","potentialAction":[{"@type":"ReadAction","target":["https:\/\/studiocourtois.com\/picky-courtois\/"]}]},{"@type":"BreadcrumbList","@id":"https:\/\/studiocourtois.com\/picky-courtois\/#breadcrumb","itemListElement":[{"@type":"ListItem","position":1,"name":"Portada","item":"https:\/\/studiocourtois.com\/"},{"@type":"ListItem","position":2,"name":"Picky Courtois"}]},{"@type":"WebSite","@id":"https:\/\/studiocourtois.com\/#website","url":"https:\/\/studiocourtois.com\/","name":"STUDIO COURTOIS","description":"","publisher":{"@id":"https:\/\/studiocourtois.com\/#organization"},"potentialAction":[{"@type":"SearchAction","target":{"@type":"EntryPoint","urlTemplate":"https:\/\/studiocourtois.com\/?s={search_term_string}"},"query-input":{"@type":"PropertyValueSpecification","valueRequired":true,"valueName":"search_term_string"}}],"inLanguage":"fr-FR"},{"@type":"Organization","@id":"https:\/\/studiocourtois.com\/#organization","name":"Studio Courtois","url":"https:\/\/studiocourtois.com\/","logo":{"@type":"ImageObject","inLanguage":"fr-FR","@id":"https:\/\/studiocourtois.com\/#\/schema\/logo\/image\/","url":"http:\/\/studiocourtois.com\/wp-content\/uploads\/2020\/10\/HOME-2-scaled.jpg","contentUrl":"http:\/\/studiocourtois.com\/wp-content\/uploads\/2020\/10\/HOME-2-scaled.jpg","width":2560,"height":1707,"caption":"Studio Courtois"},"image":{"@id":"https:\/\/studiocourtois.com\/#\/schema\/logo\/image\/"},"sameAs":["https:\/\/www.instagram.com\/studiocourtois\/"]}]}},"_links":{"self":[{"href":"https:\/\/studiocourtois.com\/fr\/wp-json\/wp\/v2\/pages\/50439","targetHints":{"allow":["GET"]}}],"collection":[{"href":"https:\/\/studiocourtois.com\/fr\/wp-json\/wp\/v2\/pages"}],"about":[{"href":"https:\/\/studiocourtois.com\/fr\/wp-json\/wp\/v2\/types\/page"}],"author":[{"embeddable":true,"href":"https:\/\/studiocourtois.com\/fr\/wp-json\/wp\/v2\/users\/2"}],"replies":[{"embeddable":true,"href":"https:\/\/studiocourtois.com\/fr\/wp-json\/wp\/v2\/comments?post=50439"}],"version-history":[{"count":0,"href":"https:\/\/studiocourtois.com\/fr\/wp-json\/wp\/v2\/pages\/50439\/revisions"}],"wp:attachment":[{"href":"https:\/\/studiocourtois.com\/fr\/wp-json\/wp\/v2\/media?parent=50439"}],"curies":[{"name":"wp","href":"https:\/\/api.w.org\/{rel}","templated":true}]}}