{"id":50448,"date":"2021-05-19T13:57:52","date_gmt":"2021-05-19T13:57:52","guid":{"rendered":"http:\/\/studiocourtois.com\/?page_id=50448"},"modified":"2025-07-13T18:29:58","modified_gmt":"2025-07-13T18:29:58","slug":"flor-inigo","status":"publish","type":"page","link":"https:\/\/studiocourtois.com\/fr\/flor-inigo\/","title":{"rendered":"Flor I\u00f1igo"},"content":{"rendered":"<div class=\"fusion-fullwidth fullwidth-box fusion-builder-row-1 fusion-flex-container nonhundred-percent-fullwidth non-hundred-percent-height-scrolling\" style=\"--awb-border-radius-top-left:0px;--awb-border-radius-top-right:0px;--awb-border-radius-bottom-right:0px;--awb-border-radius-bottom-left:0px;--awb-padding-top:5%;--awb-flex-wrap:wrap;\" ><div class=\"fusion-builder-row fusion-row fusion-flex-align-items-flex-start fusion-flex-content-wrap\" style=\"max-width:1144px;margin-left: calc(-4% \/ 2 );margin-right: calc(-4% \/ 2 );\"><div class=\"fusion-layout-column fusion_builder_column fusion-builder-column-0 fusion_builder_column_2_5 2_5 fusion-flex-column\" style=\"--awb-bg-size:cover;--awb-width-large:40%;--awb-margin-top-large:0px;--awb-spacing-right-large:4.8%;--awb-margin-bottom-large:20px;--awb-spacing-left-large:2.4%;--awb-width-medium:40%;--awb-order-medium:0;--awb-spacing-right-medium:4.8%;--awb-spacing-left-medium:2.4%;--awb-width-small:100%;--awb-order-small:0;--awb-spacing-right-small:1.92%;--awb-spacing-left-small:1.92%;\"><div class=\"fusion-column-wrapper fusion-column-has-shadow fusion-flex-justify-content-flex-start fusion-content-layout-column\"><div class=\"fusion-image-element\" style=\"--awb-caption-title-font-family:var(--h2_typography-font-family);--awb-caption-title-font-weight:var(--h2_typography-font-weight);--awb-caption-title-font-style:var(--h2_typography-font-style);--awb-caption-title-size:var(--h2_typography-font-size);--awb-caption-title-transform:var(--h2_typography-text-transform);--awb-caption-title-line-height:var(--h2_typography-line-height);--awb-caption-title-letter-spacing:var(--h2_typography-letter-spacing);\"><span class=\"fusion-imageframe imageframe-none imageframe-1 hover-type-none\"><img decoding=\"async\" width=\"1350\" height=\"900\" title=\"Flor_Studio_Courtois\" src=\"https:\/\/studiocourtois.com\/wp-content\/uploads\/2025\/06\/Flor_Studio_Courtois.webp\" alt class=\"img-responsive wp-image-51378\" srcset=\"https:\/\/studiocourtois.com\/wp-content\/uploads\/2025\/06\/Flor_Studio_Courtois-200x133.webp 200w, https:\/\/studiocourtois.com\/wp-content\/uploads\/2025\/06\/Flor_Studio_Courtois-400x267.webp 400w, https:\/\/studiocourtois.com\/wp-content\/uploads\/2025\/06\/Flor_Studio_Courtois-600x400.webp 600w, https:\/\/studiocourtois.com\/wp-content\/uploads\/2025\/06\/Flor_Studio_Courtois-800x533.webp 800w, https:\/\/studiocourtois.com\/wp-content\/uploads\/2025\/06\/Flor_Studio_Courtois-1200x800.webp 1200w, https:\/\/studiocourtois.com\/wp-content\/uploads\/2025\/06\/Flor_Studio_Courtois.webp 1350w\" sizes=\"(max-width: 640px) 100vw, 600px\" \/><\/span><\/div><\/div><\/div><div class=\"fusion-layout-column fusion_builder_column fusion-builder-column-1 fusion_builder_column_3_5 3_5 fusion-flex-column\" style=\"--awb-bg-size:cover;--awb-width-large:60%;--awb-margin-top-large:0px;--awb-spacing-right-large:4.8%;--awb-margin-bottom-large:0px;--awb-spacing-left-large:3.2%;--awb-width-medium:60%;--awb-spacing-right-medium:4.8%;--awb-spacing-left-medium:3.2%;--awb-width-small:100%;--awb-spacing-right-small:1.92%;--awb-spacing-left-small:1.92%;\"><div class=\"fusion-column-wrapper fusion-flex-justify-content-flex-start fusion-content-layout-column\"><div class=\"fusion-text fusion-text-1\"><p style=\"text-align: left;\"><span style=\"font-size: 24px;\">Flor I\u00f1igo<\/span><\/p>\n<\/div><div class=\"fusion-separator fusion-full-width-sep\" style=\"align-self: center;margin-left: auto;margin-right: auto;margin-top:2%;width:100%;\"><\/div><div class=\"fusion-text fusion-text-2\"><p data-start=\"229\" data-end=\"690\">Florencia I\u00f1igo es argentina, nacida en Buenos Aires y radicada en Par\u00eds desde 2004. Es la socia incondicional de Picky Courtois y pieza clave en el funcionamiento diario de Studio Courtois. Maneja con precisi\u00f3n los asuntos comerciales y la agenda de Paz Levinson, y destaca por su templanza, capacidad de respuesta y talento natural para organizar tiempos, equipos y situaciones.<br data-start=\"16658\" data-end=\"16661\" \/>Durante m\u00e1s de una d\u00e9cada fue productora ejecutiva de realizaciones gr\u00e1ficas en Par\u00eds para marcas del universo de la moda argentina. Tiene experiencia en contratos, producci\u00f3n internacional y gesti\u00f3n de proyectos multiculturales.<br data-start=\"16890\" data-end=\"16893\" \/>Actualmente forma parte de Argentina Reloaded, la plataforma global de visibilidad para el vino argentino liderada por Paz Levinson y Picky Courtois. Es responsable del v\u00ednculo con las m\u00e1s de 50 bodegas del portfolio y de la producci\u00f3n ejecutiva en cada destino: viajes, tiempos, hospitalidad y detalles.<br data-start=\"17197\" data-end=\"17200\" \/>Como socia fundadora de Civiles Management y luego de Civiles International Office en Par\u00eds, coordin\u00f3 agendas globales y colocaciones internacionales. Hoy, como project manager de Studio Courtois, combina experiencia, templanza y una vocaci\u00f3n silenciosa por hacer que todo funcione.<\/p>\n<\/div><\/div><\/div><\/div><\/div>","protected":false},"excerpt":{"rendered":"","protected":false},"author":2,"featured_media":0,"parent":0,"menu_order":0,"comment_status":"closed","ping_status":"closed","template":"","meta":{"footnotes":""},"class_list":["post-50448","page","type-page","status-publish","hentry"],"yoast_head":"<!-- This site is optimized with the Yoast SEO plugin v26.9 - https:\/\/yoast.com\/product\/yoast-seo-wordpress\/ -->\n<title>Flor I\u00f1igo - STUDIO COURTOIS<\/title>\n<meta name=\"description\" content=\"STUDIO COURTOISS Estudio con base en Paris y Buenos Aires, con un enfoque integral en creaci\u00f3n, consultor\u00eda y experiencias de marca. Aportamos creatividad, know how y sensibilidad para generar valor, elevar la escena comercial y mejorar la cultura de consumo. Esencialmente, unimos talento.\" \/>\n<meta name=\"robots\" content=\"index, follow, max-snippet:-1, max-image-preview:large, max-video-preview:-1\" \/>\n<link rel=\"canonical\" href=\"https:\/\/studiocourtois.com\/fr\/flor-inigo\/\" \/>\n<meta property=\"og:locale\" content=\"fr_FR\" \/>\n<meta property=\"og:type\" content=\"article\" \/>\n<meta property=\"og:title\" content=\"Flor I\u00f1igo - STUDIO COURTOIS\" \/>\n<meta property=\"og:description\" content=\"STUDIO COURTOISS Estudio con base en Paris y Buenos Aires, con un enfoque integral en creaci\u00f3n, consultor\u00eda y experiencias de marca. Aportamos creatividad, know how y sensibilidad para generar valor, elevar la escena comercial y mejorar la cultura de consumo. Esencialmente, unimos talento.\" \/>\n<meta property=\"og:url\" content=\"https:\/\/studiocourtois.com\/fr\/flor-inigo\/\" \/>\n<meta property=\"og:site_name\" content=\"STUDIO COURTOIS\" \/>\n<meta property=\"article:modified_time\" content=\"2025-07-13T18:29:58+00:00\" \/>\n<meta name=\"twitter:card\" content=\"summary_large_image\" \/>\n<meta name=\"twitter:label1\" content=\"Est. reading time\" \/>\n\t<meta name=\"twitter:data1\" content=\"2 minutes\" \/>\n<script type=\"application\/ld+json\" class=\"yoast-schema-graph\">{\"@context\":\"https:\/\/schema.org\",\"@graph\":[{\"@type\":\"WebPage\",\"@id\":\"https:\/\/studiocourtois.com\/flor-inigo\/\",\"url\":\"https:\/\/studiocourtois.com\/flor-inigo\/\",\"name\":\"Flor I\u00f1igo - STUDIO COURTOIS\",\"isPartOf\":{\"@id\":\"https:\/\/studiocourtois.com\/#website\"},\"datePublished\":\"2021-05-19T13:57:52+00:00\",\"dateModified\":\"2025-07-13T18:29:58+00:00\",\"description\":\"STUDIO COURTOISS Estudio con base en Paris y Buenos Aires, con un enfoque integral en creaci\u00f3n, consultor\u00eda y experiencias de marca. Aportamos creatividad, know how y sensibilidad para generar valor, elevar la escena comercial y mejorar la cultura de consumo. Esencialmente, unimos talento.\",\"breadcrumb\":{\"@id\":\"https:\/\/studiocourtois.com\/flor-inigo\/#breadcrumb\"},\"inLanguage\":\"fr-FR\",\"potentialAction\":[{\"@type\":\"ReadAction\",\"target\":[\"https:\/\/studiocourtois.com\/flor-inigo\/\"]}]},{\"@type\":\"BreadcrumbList\",\"@id\":\"https:\/\/studiocourtois.com\/flor-inigo\/#breadcrumb\",\"itemListElement\":[{\"@type\":\"ListItem\",\"position\":1,\"name\":\"Portada\",\"item\":\"https:\/\/studiocourtois.com\/\"},{\"@type\":\"ListItem\",\"position\":2,\"name\":\"Flor I\u00f1igo\"}]},{\"@type\":\"WebSite\",\"@id\":\"https:\/\/studiocourtois.com\/#website\",\"url\":\"https:\/\/studiocourtois.com\/\",\"name\":\"STUDIO COURTOIS\",\"description\":\"\",\"publisher\":{\"@id\":\"https:\/\/studiocourtois.com\/#organization\"},\"potentialAction\":[{\"@type\":\"SearchAction\",\"target\":{\"@type\":\"EntryPoint\",\"urlTemplate\":\"https:\/\/studiocourtois.com\/?s={search_term_string}\"},\"query-input\":{\"@type\":\"PropertyValueSpecification\",\"valueRequired\":true,\"valueName\":\"search_term_string\"}}],\"inLanguage\":\"fr-FR\"},{\"@type\":\"Organization\",\"@id\":\"https:\/\/studiocourtois.com\/#organization\",\"name\":\"Studio Courtois\",\"url\":\"https:\/\/studiocourtois.com\/\",\"logo\":{\"@type\":\"ImageObject\",\"inLanguage\":\"fr-FR\",\"@id\":\"https:\/\/studiocourtois.com\/#\/schema\/logo\/image\/\",\"url\":\"http:\/\/studiocourtois.com\/wp-content\/uploads\/2020\/10\/HOME-2-scaled.jpg\",\"contentUrl\":\"http:\/\/studiocourtois.com\/wp-content\/uploads\/2020\/10\/HOME-2-scaled.jpg\",\"width\":2560,\"height\":1707,\"caption\":\"Studio Courtois\"},\"image\":{\"@id\":\"https:\/\/studiocourtois.com\/#\/schema\/logo\/image\/\"},\"sameAs\":[\"https:\/\/www.instagram.com\/studiocourtois\/\"]}]}<\/script>\n<!-- \/ Yoast SEO plugin. -->","yoast_head_json":{"title":"Flor I\u00f1igo - STUDIO COURTOIS","description":"STUDIO COURTOISS Estudio con base en Paris y Buenos Aires, con un enfoque integral en creaci\u00f3n, consultor\u00eda y experiencias de marca. Aportamos creatividad, know how y sensibilidad para generar valor, elevar la escena comercial y mejorar la cultura de consumo. Esencialmente, unimos talento.","robots":{"index":"index","follow":"follow","max-snippet":"max-snippet:-1","max-image-preview":"max-image-preview:large","max-video-preview":"max-video-preview:-1"},"canonical":"https:\/\/studiocourtois.com\/fr\/flor-inigo\/","og_locale":"fr_FR","og_type":"article","og_title":"Flor I\u00f1igo - STUDIO COURTOIS","og_description":"STUDIO COURTOISS Estudio con base en Paris y Buenos Aires, con un enfoque integral en creaci\u00f3n, consultor\u00eda y experiencias de marca. Aportamos creatividad, know how y sensibilidad para generar valor, elevar la escena comercial y mejorar la cultura de consumo. Esencialmente, unimos talento.","og_url":"https:\/\/studiocourtois.com\/fr\/flor-inigo\/","og_site_name":"STUDIO COURTOIS","article_modified_time":"2025-07-13T18:29:58+00:00","twitter_card":"summary_large_image","twitter_misc":{"Est. reading time":"2 minutes"},"schema":{"@context":"https:\/\/schema.org","@graph":[{"@type":"WebPage","@id":"https:\/\/studiocourtois.com\/flor-inigo\/","url":"https:\/\/studiocourtois.com\/flor-inigo\/","name":"Flor I\u00f1igo - STUDIO COURTOIS","isPartOf":{"@id":"https:\/\/studiocourtois.com\/#website"},"datePublished":"2021-05-19T13:57:52+00:00","dateModified":"2025-07-13T18:29:58+00:00","description":"STUDIO COURTOISS Estudio con base en Paris y Buenos Aires, con un enfoque integral en creaci\u00f3n, consultor\u00eda y experiencias de marca. Aportamos creatividad, know how y sensibilidad para generar valor, elevar la escena comercial y mejorar la cultura de consumo. Esencialmente, unimos talento.","breadcrumb":{"@id":"https:\/\/studiocourtois.com\/flor-inigo\/#breadcrumb"},"inLanguage":"fr-FR","potentialAction":[{"@type":"ReadAction","target":["https:\/\/studiocourtois.com\/flor-inigo\/"]}]},{"@type":"BreadcrumbList","@id":"https:\/\/studiocourtois.com\/flor-inigo\/#breadcrumb","itemListElement":[{"@type":"ListItem","position":1,"name":"Portada","item":"https:\/\/studiocourtois.com\/"},{"@type":"ListItem","position":2,"name":"Flor I\u00f1igo"}]},{"@type":"WebSite","@id":"https:\/\/studiocourtois.com\/#website","url":"https:\/\/studiocourtois.com\/","name":"STUDIO COURTOIS","description":"","publisher":{"@id":"https:\/\/studiocourtois.com\/#organization"},"potentialAction":[{"@type":"SearchAction","target":{"@type":"EntryPoint","urlTemplate":"https:\/\/studiocourtois.com\/?s={search_term_string}"},"query-input":{"@type":"PropertyValueSpecification","valueRequired":true,"valueName":"search_term_string"}}],"inLanguage":"fr-FR"},{"@type":"Organization","@id":"https:\/\/studiocourtois.com\/#organization","name":"Studio Courtois","url":"https:\/\/studiocourtois.com\/","logo":{"@type":"ImageObject","inLanguage":"fr-FR","@id":"https:\/\/studiocourtois.com\/#\/schema\/logo\/image\/","url":"http:\/\/studiocourtois.com\/wp-content\/uploads\/2020\/10\/HOME-2-scaled.jpg","contentUrl":"http:\/\/studiocourtois.com\/wp-content\/uploads\/2020\/10\/HOME-2-scaled.jpg","width":2560,"height":1707,"caption":"Studio Courtois"},"image":{"@id":"https:\/\/studiocourtois.com\/#\/schema\/logo\/image\/"},"sameAs":["https:\/\/www.instagram.com\/studiocourtois\/"]}]}},"_links":{"self":[{"href":"https:\/\/studiocourtois.com\/fr\/wp-json\/wp\/v2\/pages\/50448","targetHints":{"allow":["GET"]}}],"collection":[{"href":"https:\/\/studiocourtois.com\/fr\/wp-json\/wp\/v2\/pages"}],"about":[{"href":"https:\/\/studiocourtois.com\/fr\/wp-json\/wp\/v2\/types\/page"}],"author":[{"embeddable":true,"href":"https:\/\/studiocourtois.com\/fr\/wp-json\/wp\/v2\/users\/2"}],"replies":[{"embeddable":true,"href":"https:\/\/studiocourtois.com\/fr\/wp-json\/wp\/v2\/comments?post=50448"}],"version-history":[{"count":0,"href":"https:\/\/studiocourtois.com\/fr\/wp-json\/wp\/v2\/pages\/50448\/revisions"}],"wp:attachment":[{"href":"https:\/\/studiocourtois.com\/fr\/wp-json\/wp\/v2\/media?parent=50448"}],"curies":[{"name":"wp","href":"https:\/\/api.w.org\/{rel}","templated":true}]}}